{"id":145,"date":"2012-04-01T01:17:58","date_gmt":"2012-04-01T00:17:58","guid":{"rendered":"http:\/\/kdcd.de\/cms\/?page_id=145"},"modified":"2024-01-31T18:15:14","modified_gmt":"2024-01-31T16:15:14","slug":"consulting","status":"publish","type":"page","link":"https:\/\/kdcd.de\/cms\/consulting\/","title":{"rendered":"Consulting"},"content":{"rendered":"<p><img loading=\"lazy\" decoding=\"async\" class=\"alignnone wp-image-991 size-full\" src=\"https:\/\/kdcd.de\/cms\/wp-content\/uploads\/2012\/04\/itc.png\" alt=\"\" width=\"940\" height=\"374\" srcset=\"https:\/\/kdcd.de\/cms\/wp-content\/uploads\/2012\/04\/itc.png 940w, https:\/\/kdcd.de\/cms\/wp-content\/uploads\/2012\/04\/itc-300x119.png 300w, https:\/\/kdcd.de\/cms\/wp-content\/uploads\/2012\/04\/itc-768x306.png 768w, https:\/\/kdcd.de\/cms\/wp-content\/uploads\/2012\/04\/itc-220x88.png 220w\" sizes=\"(max-width: 940px) 100vw, 940px\" \/><\/p>\n<p style=\"text-align: justify;\">Seit 1999 bin ich in der IT-Betreuung von Unternehmen t\u00e4tig und mittlerweile biete ich IT- und Corporate-Consulting ausschlie\u00dflich projektbasiert an. Als Grundlage gilt es f\u00fcr mich stets bei allen Kunden und Projekten strengste Diskretion zu wahren. Ich nehme mir ausreichend Zeit f\u00fcr Sie und erarbeite mit Ihnen zusammen eine individuelle und langfristige L\u00f6sung zu Ihrer Anforderung. Im Vordergrund steht dabei vor allem eine einfache Bedienbarkeit durch Ihre Mitarbeiter und die Zuverl\u00e4ssigkeit im allt\u00e4glichen Gebrauch. Dies garantiere ich durch eine qualitativ hochwertige Auswahl von Komponenten der jeweils f\u00fchrenden Hersteller &#8211; bei allen Konzepten. Wir optimieren also gemeinsam Ihren Workflow durch zielgerichteten Einsatz von IT-L\u00f6sungen, somit erzielen wir nachhaltige &amp; positive Ergebnisse f\u00fcr Ihr Unternehmen.<\/p>\n<blockquote>\n<hr \/>\n<p><strong>Mein Konzept:<\/strong>\u00a0Auf eine umfassende Beratung folgen L\u00f6sungen. Basierend auf sorgf\u00e4ltiger Produkt- &amp; Herstellerauswahl, optimiert f\u00fcr Ihre individuellen Anforderungen.<\/p>\n<hr \/>\n<\/blockquote>\n<div class=\"one_half\"><p style=\"text-align: justify;\">Zu meinem Klientel geh\u00f6ren u.a.:<\/p>\n<ul>\n<li><strong>Steuer- und Rechtsanwaltskanzleien<\/strong><\/li>\n<li><strong>Industriekunden<\/strong><\/li>\n<li><strong>Einzel- &amp; Gro\u00dfhandel<\/strong><\/li>\n<li><strong>Medizinische Einrichtungen<\/strong><\/li>\n<li><strong>Fotografen<\/strong><\/li>\n<\/ul>\n<p>\n<\/div><div class=\"one_half last\"><\/p>\n<p style=\"text-align: justify;\">Meine Themen-Schwerpunkte:<\/p>\n<ul>\n<li><strong>Storage &amp;\u00a0Virtualisierung<\/strong><\/li>\n<li><strong>Security<\/strong><\/li>\n<li><strong>Kommunikationsl\u00f6sungen<\/strong><\/li>\n<li><strong>Colormanagement<\/strong><\/li>\n<li><strong>Anwendungsgebiete im grafischen Bereich<\/strong><\/li>\n<\/ul>\n<p>\n<\/div><div class=\"clearboth\"><\/div><\/p>\n<p style=\"text-align: justify;\">Die genannten Branchen und Themen sind nat\u00fcrlich nur auszugsweise erw\u00e4hnt, ich arbeite generell branchenunabh\u00e4ngig und themen\u00fcbergreifend \u2013 kommen Sie also in jedem Fall einfach auf mich zu. F\u00fcr jede Aufgabenstellung finden wir f\u00fcr Sie die passende \u00a0L\u00f6sung, versprochen!<\/p>\n","protected":false},"excerpt":{"rendered":"<p>Seit 1999 bin ich in der IT-Betreuung von Unternehmen t\u00e4tig und mittlerweile biete ich IT- und Corporate-Consulting ausschlie\u00dflich projektbasiert an. Als Grundlage gilt es f\u00fcr mich stets bei allen Kunden und Projekten strengste Diskretion zu wahren. Ich nehme mir ausreichend Zeit f\u00fcr Sie und erarbeite mit Ihnen zusammen eine individuelle und langfristige L\u00f6sung zu Ihrer [&hellip;]<\/p>\n","protected":false},"author":1,"featured_media":0,"parent":0,"menu_order":0,"comment_status":"closed","ping_status":"closed","template":"page-full-width.php","meta":{"footnotes":""},"_links":{"self":[{"href":"https:\/\/kdcd.de\/cms\/wp-json\/wp\/v2\/pages\/145"}],"collection":[{"href":"https:\/\/kdcd.de\/cms\/wp-json\/wp\/v2\/pages"}],"about":[{"href":"https:\/\/kdcd.de\/cms\/wp-json\/wp\/v2\/types\/page"}],"author":[{"embeddable":true,"href":"https:\/\/kdcd.de\/cms\/wp-json\/wp\/v2\/users\/1"}],"replies":[{"embeddable":true,"href":"https:\/\/kdcd.de\/cms\/wp-json\/wp\/v2\/comments?post=145"}],"version-history":[{"count":104,"href":"https:\/\/kdcd.de\/cms\/wp-json\/wp\/v2\/pages\/145\/revisions"}],"predecessor-version":[{"id":1042,"href":"https:\/\/kdcd.de\/cms\/wp-json\/wp\/v2\/pages\/145\/revisions\/1042"}],"wp:attachment":[{"href":"https:\/\/kdcd.de\/cms\/wp-json\/wp\/v2\/media?parent=145"}],"curies":[{"name":"wp","href":"https:\/\/api.w.org\/{rel}","templated":true}]}}