{"id":163,"date":"2012-04-01T01:48:06","date_gmt":"2012-04-01T00:48:06","guid":{"rendered":"http:\/\/kdcd.de\/cms\/?page_id=163"},"modified":"2022-03-10T12:59:55","modified_gmt":"2022-03-10T10:59:55","slug":"kontakt_impressum","status":"publish","type":"page","link":"https:\/\/kdcd.de\/cms\/kontakt_impressum\/","title":{"rendered":"Kontakt &#038; Impressum"},"content":{"rendered":"<div id=\"fb-root\"><\/div>\n<p style=\"text-align: left;\"><script type=\"text\/javascript\">\/\/ <![CDATA[ (function(d, s, id) { var js, fjs = d.getElementsByTagName(s)[0]; if (d.getElementById(id)) return; js = d.createElement(s); js.id = id; js.src = \"\/\/connect.facebook.net\/de_DE\/all.js#xfbml=1\"; fjs.parentNode.insertBefore(js, fjs); }(document, 'script', 'facebook-jssdk')); \/\/ ]]><\/script><img loading=\"lazy\" decoding=\"async\" class=\"alignnone size-full wp-image-28\" title=\"vcard-header\" src=\"http:\/\/kdcd.de\/cms\/wp-content\/uploads\/2011\/12\/vcard-header.jpg\" alt=\"\" width=\"960\" height=\"410\" srcset=\"https:\/\/kdcd.de\/cms\/wp-content\/uploads\/2011\/12\/vcard-header.jpg 960w, https:\/\/kdcd.de\/cms\/wp-content\/uploads\/2011\/12\/vcard-header-300x128.jpg 300w, https:\/\/kdcd.de\/cms\/wp-content\/uploads\/2011\/12\/vcard-header-220x93.jpg 220w\" sizes=\"(max-width: 960px) 100vw, 960px\" \/><br \/>\nKDCD.de wird betrieben von:<br \/>\n<div class=\"one_half\"><\/p>\n<p style=\"text-align: right;\"><strong>KDCD<\/strong><br \/>\nUntere Au 2<br \/>\n95185 Gattendorf<\/p>\n<p style=\"text-align: right;\">Firmenbezeichnung: KDCD | K\u00d6NIG-DOSTLER . CONSULTING+DESIGN<br \/>\nRechtsform: Einzelunternehmen<br \/>\nInhaber: Ronald K\u00f6nig-Dostler<br \/>\nUSt.-ID-Nr.: DE264907752<br \/>\n <a href=\"mailto:website@kdcd.de\">website@kdcd.de<\/a><\/p>\n<p>\n<\/div><div class=\"one_half last\"><\/p>\n<p style=\"text-align: justify;\">Gerne stehe ich Ihnen pers\u00f6nlich f\u00fcr eine ausf\u00fchrliche Beratung zur Verf\u00fcgung. Schreiben Sie mir einfach eine Nachricht. Ich melde mich dann umgehend bei Ihnen!<\/p>\n<p>&nbsp;<a href=\"https:\/\/www.xing.com\/profile\/Ronald_KoenigDostler\" target=\"_blank\" rel=\"me noopener\"><img loading=\"lazy\" decoding=\"async\" class=\"alignnone\" src=\"https:\/\/www.xing.com\/img\/buttons\/5_de_btn.gif\" alt=\"Ronald K\u00f6nig-Dostler\" width=\"118\" height=\"23\"><\/a><\/p>\n<\/div><div class=\"clearboth\"><\/div><\/p>\n<h3>Haftungshinweis:<\/h3>\n<p>Trotz sorgf\u00e4ltiger inhaltlicher Kontrolle \u00fcbernehmen wir keine Haftung f\u00fcr die Inhalte externer Links. F\u00fcr den Inhalt der verlinkten Seiten sind ausschlie\u00dflich deren Betreiber verantwortlich.<\/p>\n<h3>Bildmaterial auf der Website:<\/h3>\n<p>Alle Bildrechte liegen ausschlie\u00dflich beim jeweiligen Rechteinhaber.<br \/>\nHintergrundbild &#8222;Consulting&#8220;:&nbsp;\u00a9 Benis Arapovic<br \/>\nSonstige Fotos \u00a9 KDCD (R. K\u00f6nig-Dostler)<\/p>\n<h3>Datenschutzhinweis:<\/h3>\n<p>Siehe <a href=\"http:\/\/kdcd.de\/cms\/datenschutz\/\">Datenschutz<\/a><\/p>\n<h3>Copyright:<\/h3>\n<p style=\"text-align: justify;\">S\u00e4mtliche angebotenen Informationen d\u00fcrfen &#8211; auch auszugsweise &#8211; nur mit schriftlicher Genehmigung durch den Inhaber der Firma K\u00f6nig-Dostler bzw. KDCD weiterverbreitet, vervielf\u00e4ltigt oder anderweitig ver\u00f6ffentlicht werden. Keinesfalls ist es gestattet, die abgerufenen Informationen anderweitig online oder auf andere Medien weiterzuverbreiten oder kommerziell zu nutzen! Rechtliche Schritte gegen einen Versto\u00df dieser Bestimmungen behalte ich mir vor.<\/p>\n","protected":false},"excerpt":{"rendered":"<p>KDCD.de wird betrieben von: Haftungshinweis: Trotz sorgf\u00e4ltiger inhaltlicher Kontrolle \u00fcbernehmen wir keine Haftung f\u00fcr die Inhalte externer Links. F\u00fcr den Inhalt der verlinkten Seiten sind ausschlie\u00dflich deren Betreiber verantwortlich. Bildmaterial auf der Website: Alle Bildrechte liegen ausschlie\u00dflich beim jeweiligen Rechteinhaber. Hintergrundbild &#8222;Consulting&#8220;:&nbsp;\u00a9 Benis Arapovic Sonstige Fotos \u00a9 KDCD (R. K\u00f6nig-Dostler) Datenschutzhinweis: Siehe Datenschutz Copyright: S\u00e4mtliche [&hellip;]<\/p>\n","protected":false},"author":1,"featured_media":0,"parent":0,"menu_order":0,"comment_status":"closed","ping_status":"open","template":"page-full-width.php","meta":{"footnotes":""},"_links":{"self":[{"href":"https:\/\/kdcd.de\/cms\/wp-json\/wp\/v2\/pages\/163"}],"collection":[{"href":"https:\/\/kdcd.de\/cms\/wp-json\/wp\/v2\/pages"}],"about":[{"href":"https:\/\/kdcd.de\/cms\/wp-json\/wp\/v2\/types\/page"}],"author":[{"embeddable":true,"href":"https:\/\/kdcd.de\/cms\/wp-json\/wp\/v2\/users\/1"}],"replies":[{"embeddable":true,"href":"https:\/\/kdcd.de\/cms\/wp-json\/wp\/v2\/comments?post=163"}],"version-history":[{"count":92,"href":"https:\/\/kdcd.de\/cms\/wp-json\/wp\/v2\/pages\/163\/revisions"}],"predecessor-version":[{"id":1039,"href":"https:\/\/kdcd.de\/cms\/wp-json\/wp\/v2\/pages\/163\/revisions\/1039"}],"wp:attachment":[{"href":"https:\/\/kdcd.de\/cms\/wp-json\/wp\/v2\/media?parent=163"}],"curies":[{"name":"wp","href":"https:\/\/api.w.org\/{rel}","templated":true}]}}