{"id":224,"date":"2012-04-02T14:54:40","date_gmt":"2012-04-02T13:54:40","guid":{"rendered":"http:\/\/kdcd.de\/cms\/?page_id=224"},"modified":"2024-01-31T18:12:20","modified_gmt":"2024-01-31T16:12:20","slug":"design","status":"publish","type":"page","link":"https:\/\/kdcd.de\/cms\/design\/","title":{"rendered":"Design"},"content":{"rendered":"<p><img loading=\"lazy\" decoding=\"async\" class=\"alignnone wp-image-995 size-full\" src=\"https:\/\/kdcd.de\/cms\/wp-content\/uploads\/2021\/02\/gd.png\" alt=\"\" width=\"940\" height=\"374\" srcset=\"https:\/\/kdcd.de\/cms\/wp-content\/uploads\/2021\/02\/gd.png 940w, https:\/\/kdcd.de\/cms\/wp-content\/uploads\/2021\/02\/gd-300x119.png 300w, https:\/\/kdcd.de\/cms\/wp-content\/uploads\/2021\/02\/gd-768x306.png 768w, https:\/\/kdcd.de\/cms\/wp-content\/uploads\/2021\/02\/gd-220x88.png 220w\" sizes=\"(max-width: 940px) 100vw, 940px\" \/><br \/>\n<div class=\"one_half\"><\/p>\n<ul>\n<li><strong>Brosch\u00fcrengestaltung<\/strong><\/li>\n<li><strong>Corporate Design<\/strong><\/li>\n<li><strong>Gesch\u00e4ftsausstattung<\/strong><\/li>\n<li><strong>Grafikdesign<\/strong><\/li>\n<\/ul>\n<p>\n<\/div><div class=\"one_half last\"><\/p>\n<ul>\n<li><strong>Klassische Werbung<\/strong><\/li>\n<li><strong>Logoentwicklung<\/strong><\/li>\n<li><strong>Suchmaschinenoptimierung<\/strong><\/li>\n<li><strong>Webseitenerstellung<\/strong><\/li>\n<\/ul>\n<p>\n<\/div><div class=\"clearboth\"><\/div><\/p>\n<p style=\"text-align: justify;\">&#8230;das, und noch einiges mehr kann ich f\u00fcr Sie tun.<\/p>\n<p>Es wird designed, gestaltet, retouchiert, getrickst, sch\u00f6ngemalt &#8211; und oft auch nur sch\u00f6n geredet &#8211; es geht um die Welt der Werbung. Ich habe es mir zur Aufgabe gemacht, kleine und mittelst\u00e4ndische Unternehmen als ehrlicher Partner durch diesen Dschungel zu begleiten. Dabei \u00fcbernehme ich die Beratung, Betreuung und Ausf\u00fchrung als Ihr direkter Ansprechpartner &#8211; alles l\u00e4uft \u00fcber einen Kanal. <a class=\"spoiler_link_show\" href=\"javascript:void(0)\" onclick=\"wpSpoilerToggle(document.getElementById('id997578297'), this, 'mehr lesen', 'kurze Version zeigen')\">mehr lesen<\/a>\n<div class=\"spoiler_div\" id=\"id997578297\" style=\"display:none\"><\/p>\n<p style=\"text-align: justify;\">Hin und wieder erfordern komplexe Projekte auch komplexe F\u00e4higkeiten, die ich mit einem hervorragenden Partnernetzwerk bedienen kann. Dies erspart Ihnen als Kunde bares Geld, da Sie im Regelfall keine Mitarbeiter mitbezahlen, die f\u00fcr Ihre Werbung nicht gebraucht werden. Sie bezahlen also nur f\u00fcr das, was Sie auch tats\u00e4chlich ben\u00f6tigen &#8211; klingt fair, und ist es auch!<\/p>\n<p style=\"text-align: justify;\">Interesse? Lassen Sie uns einfach ein unverbindliches Erstgespr\u00e4ch f\u00fchren. Je besser ich Sie, Ihre Produkte, Ihre Dienstleistungen, die Mitarbeiter &#8211; halt eben was Sie ausmacht &#8211; kenne, desto leichter f\u00e4llt die Zusammenarbeit und umso erfolgreicher kann das kommende Projekt werden.<\/p>\n<p style=\"text-align: justify;\">Kein Kunde, kein Projekt, keine meiner kreativen Arbeiten sind gleich. Wenn Sie Wert auf Individualit\u00e4t, Qualit\u00e4t und die pers\u00f6nliche Note f\u00fcr Ihre Werbung legen, sollten wir uns <a title=\"Kontakt aufnehmen\" href=\"http:\/\/kdcd.de\/cms\/kontakt_impressum\/\">unterhalten<\/a>.<\/p>\n<p><\/div>\n<\/p>\n","protected":false},"excerpt":{"rendered":"<p>&#8230;das, und noch einiges mehr kann ich f\u00fcr Sie tun. Es wird designed, gestaltet, retouchiert, getrickst, sch\u00f6ngemalt &#8211; und oft auch nur sch\u00f6n geredet &#8211; es geht um die Welt der Werbung. Ich habe es mir zur Aufgabe gemacht, kleine und mittelst\u00e4ndische Unternehmen als ehrlicher Partner durch diesen Dschungel zu begleiten. Dabei \u00fcbernehme ich die [&hellip;]<\/p>\n","protected":false},"author":1,"featured_media":0,"parent":0,"menu_order":0,"comment_status":"closed","ping_status":"closed","template":"page-full-width.php","meta":{"footnotes":""},"_links":{"self":[{"href":"https:\/\/kdcd.de\/cms\/wp-json\/wp\/v2\/pages\/224"}],"collection":[{"href":"https:\/\/kdcd.de\/cms\/wp-json\/wp\/v2\/pages"}],"about":[{"href":"https:\/\/kdcd.de\/cms\/wp-json\/wp\/v2\/types\/page"}],"author":[{"embeddable":true,"href":"https:\/\/kdcd.de\/cms\/wp-json\/wp\/v2\/users\/1"}],"replies":[{"embeddable":true,"href":"https:\/\/kdcd.de\/cms\/wp-json\/wp\/v2\/comments?post=224"}],"version-history":[{"count":93,"href":"https:\/\/kdcd.de\/cms\/wp-json\/wp\/v2\/pages\/224\/revisions"}],"predecessor-version":[{"id":1041,"href":"https:\/\/kdcd.de\/cms\/wp-json\/wp\/v2\/pages\/224\/revisions\/1041"}],"wp:attachment":[{"href":"https:\/\/kdcd.de\/cms\/wp-json\/wp\/v2\/media?parent=224"}],"curies":[{"name":"wp","href":"https:\/\/api.w.org\/{rel}","templated":true}]}}